{"id":8986,"date":"2024-05-23T15:09:08","date_gmt":"2024-05-23T13:09:08","guid":{"rendered":"https:\/\/kassilya-art.com\/?page_id=8986"},"modified":"2025-05-23T08:52:18","modified_gmt":"2025-05-23T06:52:18","slug":"services","status":"publish","type":"page","link":"https:\/\/kassilya-art.com\/index.php\/services\/","title":{"rendered":"Services"},"content":{"rendered":"\t\t<div data-elementor-type=\"wp-page\" data-elementor-id=\"8986\" class=\"elementor elementor-8986\" data-elementor-post-type=\"page\">\n\t\t\t\t\t\t\t\t\t<section class=\"elementor-section elementor-top-section elementor-element elementor-element-7ce44ac0 elementor-section-boxed elementor-section-height-default elementor-section-height-default\" data-id=\"7ce44ac0\" data-element_type=\"section\">\n\t\t\t\t\t\t<div class=\"elementor-container elementor-column-gap-default\">\n\t\t\t\t\t<div class=\"elementor-column elementor-col-100 elementor-top-column elementor-element elementor-element-5f8a75aa\" data-id=\"5f8a75aa\" data-element_type=\"column\">\n\t\t\t<div class=\"elementor-widget-wrap elementor-element-populated\">\n\t\t\t\t\t\t\t\t<div class=\"elementor-element elementor-element-78bff0a8 elementor-widget elementor-widget-text-editor\" data-id=\"78bff0a8\" data-element_type=\"widget\" data-widget_type=\"text-editor.default\">\n\t\t\t\t<div class=\"elementor-widget-container\">\n\t\t\t<style>\/*! elementor - v3.15.0 - 31-07-2023 *\/\n.elementor-widget-text-editor.elementor-drop-cap-view-stacked .elementor-drop-cap{background-color:#69727d;color:#fff}.elementor-widget-text-editor.elementor-drop-cap-view-framed .elementor-drop-cap{color:#69727d;border:3px solid;background-color:transparent}.elementor-widget-text-editor:not(.elementor-drop-cap-view-default) .elementor-drop-cap{margin-top:8px}.elementor-widget-text-editor:not(.elementor-drop-cap-view-default) .elementor-drop-cap-letter{width:1em;height:1em}.elementor-widget-text-editor .elementor-drop-cap{float:left;text-align:center;line-height:1;font-size:50px}.elementor-widget-text-editor .elementor-drop-cap-letter{display:inline-block}<\/style>\t\t\t\t<p><strong>DEROULEMENT COMMANDE<\/strong><\/p><p>Lorsque vous passez une commande, nous discutons ensemble du projet afin de d\u00e9terminer au mieux son d\u00e9roulement.<\/p><p>Si il s&rsquo;agit d&rsquo;un portrait animalier par exemple, vous pouvez m&rsquo;envoyer une ou plusieurs photos afin que je puisse capter au mieux le caract\u00e8re et les petites sp\u00e9cificit\u00e9s de l&rsquo;animal en question. Vous pouvez \u00e9galement me raconter son histoire.<\/p><p>Je vous enverrai des photos des diff\u00e9rentes \u00e9tapes de r\u00e9alisation au fur et \u00e0 mesure que le dessin prend vie (\u00e0 moins que vous souhaitiez garder la surprise dans ce cas, je vous montrerai le tout par la suite).<\/p><p>Concernant les petites sorci\u00e8res personnalis\u00e9es, vous m&rsquo;indiquez tous les \u00e9l\u00e9ments que vous souhaitez retrouver sur votre illustration et je vous la d\u00e9voilerai comme par magie une fois termin\u00e9e !\u00a0<\/p><p style=\"text-align: left;\"><strong>TARIFS<\/strong><\/p><ul><li>Portrait animalier : \u00e0 partir de 60\u20ac (nous ferons le point ensemble en cas de double portrait et plus ou ajout d&rsquo;autres \u00e9l\u00e9ments).<\/li><li>Petites sorci\u00e8res : \u00e0 partir de 60\u20ac (tarif \u00e0 d\u00e9terminer en fonction des \u00e9l\u00e9ments pr\u00e9sents sur l&rsquo;illustration comme pour une commande personnalis\u00e9e par exemple)<\/li><li>Concernant les autres illustrations disponibles, le tarif sera fix\u00e9 en fonction du travail r\u00e9alis\u00e9.<\/li><\/ul><p>Une fois que nous aurons fait le point ensemble concernant tous ces \u00e9l\u00e9ments, je vous ferai parvenir le devis d\u00e9taill\u00e9 qu&rsquo;il faudra me retourner sign\u00e9 (je demande \u00e9galement le versement d&rsquo;un acompte \u00e0 hauteur de 50%).<\/p><p>Apr\u00e8s ces \u00e9tapes, il est temps de me mettre au travail !<\/p><p>Pour plus de renseignements, n&rsquo;h\u00e9sitez pas \u00e0 me contacter directement, je reste \u00e0 votre disposition.<\/p>\t\t\t\t\t\t<\/div>\n\t\t\t\t<\/div>\n\t\t\t\t\t<\/div>\n\t\t<\/div>\n\t\t\t\t\t\t\t<\/div>\n\t\t<\/section>\n\t\t\t\t<section class=\"elementor-section elementor-top-section elementor-element elementor-element-25c8126 elementor-section-boxed elementor-section-height-default elementor-section-height-default\" data-id=\"25c8126\" data-element_type=\"section\">\n\t\t\t\t\t\t<div class=\"elementor-container elementor-column-gap-default\">\n\t\t\t\t\t<div class=\"elementor-column elementor-col-100 elementor-top-column elementor-element elementor-element-6ce6d30\" data-id=\"6ce6d30\" data-element_type=\"column\">\n\t\t\t<div class=\"elementor-widget-wrap elementor-element-populated\">\n\t\t\t\t\t\t\t\t<div class=\"elementor-element elementor-element-7673a84 elementor-widget elementor-widget-image\" data-id=\"7673a84\" data-element_type=\"widget\" data-widget_type=\"image.default\">\n\t\t\t\t<div class=\"elementor-widget-container\">\n\t\t\t<style>\/*! elementor - v3.15.0 - 31-07-2023 *\/\n.elementor-widget-image{text-align:center}.elementor-widget-image a{display:inline-block}.elementor-widget-image a img[src$=\".svg\"]{width:48px}.elementor-widget-image img{vertical-align:middle;display:inline-block}<\/style>\t\t\t\t\t\t\t\t\t\t\t\t<img loading=\"lazy\" decoding=\"async\" width=\"300\" height=\"298\" src=\"https:\/\/kassilya-art.com\/wp-content\/uploads\/2025\/05\/f6d2004d-a168-40bc-b6d5-532d0b84d312-300x298.jpg\" class=\"attachment-medium size-medium wp-image-9181\" alt=\"\" srcset=\"https:\/\/kassilya-art.com\/wp-content\/uploads\/2025\/05\/f6d2004d-a168-40bc-b6d5-532d0b84d312-300x298.jpg 300w, https:\/\/kassilya-art.com\/wp-content\/uploads\/2025\/05\/f6d2004d-a168-40bc-b6d5-532d0b84d312-1024x1016.jpg 1024w, https:\/\/kassilya-art.com\/wp-content\/uploads\/2025\/05\/f6d2004d-a168-40bc-b6d5-532d0b84d312-150x150.jpg 150w, https:\/\/kassilya-art.com\/wp-content\/uploads\/2025\/05\/f6d2004d-a168-40bc-b6d5-532d0b84d312-768x762.jpg 768w, https:\/\/kassilya-art.com\/wp-content\/uploads\/2025\/05\/f6d2004d-a168-40bc-b6d5-532d0b84d312.jpg 1080w\" sizes=\"auto, (max-width: 300px) 100vw, 300px\" \/>\t\t\t\t\t\t\t\t\t\t\t\t\t\t\t<\/div>\n\t\t\t\t<\/div>\n\t\t\t\t\t<\/div>\n\t\t<\/div>\n\t\t\t\t\t\t\t<\/div>\n\t\t<\/section>\n\t\t\t\t<section class=\"elementor-section elementor-top-section elementor-element elementor-element-00a82ad elementor-section-boxed elementor-section-height-default elementor-section-height-default\" data-id=\"00a82ad\" data-element_type=\"section\">\n\t\t\t\t\t\t<div class=\"elementor-container elementor-column-gap-default\">\n\t\t\t\t\t<div class=\"elementor-column elementor-col-100 elementor-top-column elementor-element elementor-element-0c383ef\" data-id=\"0c383ef\" data-element_type=\"column\">\n\t\t\t<div class=\"elementor-widget-wrap elementor-element-populated\">\n\t\t\t\t\t\t\t\t<div class=\"elementor-element elementor-element-626e138 elementor-arrows-yes elementor-pagination-type-bullets elementor-review--has-separator elementor--star-style-star_fontawesome elementor-widget elementor-widget-reviews\" data-id=\"626e138\" data-element_type=\"widget\" data-settings=\"{&quot;show_arrows&quot;:&quot;yes&quot;,&quot;pagination&quot;:&quot;bullets&quot;,&quot;speed&quot;:500,&quot;autoplay&quot;:&quot;yes&quot;,&quot;autoplay_speed&quot;:5000,&quot;loop&quot;:&quot;yes&quot;,&quot;pause_on_hover&quot;:&quot;yes&quot;,&quot;pause_on_interaction&quot;:&quot;yes&quot;,&quot;space_between&quot;:{&quot;unit&quot;:&quot;px&quot;,&quot;size&quot;:10,&quot;sizes&quot;:[]},&quot;space_between_laptop&quot;:{&quot;unit&quot;:&quot;px&quot;,&quot;size&quot;:10,&quot;sizes&quot;:[]},&quot;space_between_tablet&quot;:{&quot;unit&quot;:&quot;px&quot;,&quot;size&quot;:10,&quot;sizes&quot;:[]},&quot;space_between_mobile&quot;:{&quot;unit&quot;:&quot;px&quot;,&quot;size&quot;:10,&quot;sizes&quot;:[]}}\" data-widget_type=\"reviews.default\">\n\t\t\t\t<div class=\"elementor-widget-container\">\n\t\t\t<link rel=\"stylesheet\" href=\"https:\/\/kassilya-art.com\/wp-content\/plugins\/elementor-pro\/assets\/css\/widget-carousel.min.css\">\t\t<div class=\"elementor-swiper\">\n\t\t\t<div class=\"elementor-main-swiper swiper\">\n\t\t\t\t<div class=\"swiper-wrapper\">\n\t\t\t\t\t\t\t\t\t\t\t<div class=\"swiper-slide\">\n\t\t\t\t\t\t\t\t\t<div class=\"elementor-testimonial elementor-repeater-item-3e851fe\">\n\t\t\t\t\t\t\t<div class=\"elementor-testimonial__header\">\n\t\t\t\t\t\t\t\t\t\t<cite class=\"elementor-testimonial__cite\"><span class=\"elementor-testimonial__name\">B\u00e9reng\u00e8re<\/span><\/cite>\t\t\t\t\t<div class=\"elementor-testimonial__icon elementor-icon elementor-icon-\"><span class=\"elementor-screen-only\">Lire plus<\/span><\/div>\t\t\t\t<\/div>\n\t\t\t\t\t\t\t\t\t\t<div class=\"elementor-testimonial__content\">\n\t\t\t\t\t<div class=\"elementor-testimonial__text\">\n\t\t\t\t\t\t\u201cJe ne peux que recommander les dessins de Kassilya qui sait \u00e0 merveille capter ce que l\u2019on cherche dans un dessin. Que ce soit l\u2019esprit ou le caract\u00e8re de l\u2019animal. L\u2019envoi est hyper soign\u00e9 et personnalis\u00e9. Pour ceux qui recherchent vraiment un \u00e9change avec le cr\u00e9ateur, n\u2019h\u00e9sitez pas un seul instant!!\u201d  \t\t\t\t\t<\/div>\n\t\t\t\t<\/div>\n\t\t\t\t\t<\/div>\n\t\t\t\t\t\t\t\t<\/div>\n\t\t\t\t\t\t\t\t\t\t\t<div class=\"swiper-slide\">\n\t\t\t\t\t\t\t\t\t<div class=\"elementor-testimonial elementor-repeater-item-be7a21e\">\n\t\t\t\t\t\t\t<div class=\"elementor-testimonial__header\">\n\t\t\t\t\t\t\t\t\t\t<cite class=\"elementor-testimonial__cite\"><span class=\"elementor-testimonial__name\">M\u00e9lissa<\/span><\/cite>\t\t\t\t\t<div class=\"elementor-testimonial__icon elementor-icon elementor-icon-\"><span class=\"elementor-screen-only\">Lire plus<\/span><\/div>\t\t\t\t<\/div>\n\t\t\t\t\t\t\t\t\t\t<div class=\"elementor-testimonial__content\">\n\t\t\t\t\t<div class=\"elementor-testimonial__text\">\n\t\t\t\t\t\t\u201cUn talent au naturel ! Je suis tomb\u00e9e sous le charme de votre style qui se marie parfaitement \u00e0 ce papier. Un sens du d\u00e9tail qui m'a vraiment touch\u00e9e ! Merci encore pour les portraits de mes loulous, je vous souhaite bonne continuation dans ce beau p\u00e9riple qu'est l'Art !\u201d \t\t\t\t\t<\/div>\n\t\t\t\t<\/div>\n\t\t\t\t\t<\/div>\n\t\t\t\t\t\t\t\t<\/div>\n\t\t\t\t\t\t\t\t\t\t\t<div class=\"swiper-slide\">\n\t\t\t\t\t\t\t\t\t<div class=\"elementor-testimonial elementor-repeater-item-4425103\">\n\t\t\t\t\t\t\t<div class=\"elementor-testimonial__header\">\n\t\t\t\t\t\t\t\t\t\t<cite class=\"elementor-testimonial__cite\"><span class=\"elementor-testimonial__name\">Marjory<\/span><\/cite>\t\t\t\t\t<div class=\"elementor-testimonial__icon elementor-icon elementor-icon-\"><span class=\"elementor-screen-only\">Lire plus<\/span><\/div>\t\t\t\t<\/div>\n\t\t\t\t\t\t\t\t\t\t<div class=\"elementor-testimonial__content\">\n\t\t\t\t\t<div class=\"elementor-testimonial__text\">\n\t\t\t\t\t\t\u201cSuperbe portrait de Martha ma poule. Un cadeau original \u00e0 se faire ou \u00e0 offrir. Faites-vous plaisir!\u201d \t\t\t\t\t<\/div>\n\t\t\t\t<\/div>\n\t\t\t\t\t<\/div>\n\t\t\t\t\t\t\t\t<\/div>\n\t\t\t\t\t\t\t\t\t\t\t<div class=\"swiper-slide\">\n\t\t\t\t\t\t\t\t\t<div class=\"elementor-testimonial elementor-repeater-item-028667b\">\n\t\t\t\t\t\t\t<div class=\"elementor-testimonial__header\">\n\t\t\t\t\t\t\t\t\t\t<cite class=\"elementor-testimonial__cite\"><span class=\"elementor-testimonial__name\">Arnaud<\/span><\/cite>\t\t\t\t\t<div class=\"elementor-testimonial__icon elementor-icon elementor-icon-\"><span class=\"elementor-screen-only\">Lire plus<\/span><\/div>\t\t\t\t<\/div>\n\t\t\t\t\t\t\t\t\t\t<div class=\"elementor-testimonial__content\">\n\t\t\t\t\t<div class=\"elementor-testimonial__text\">\n\t\t\t\t\t\tUn jour j\u2019ai eu la chance de faire plaisir en une fois \u00e0 deux personnes diff\u00e9rentes.\nJe vis comme une \u00e9vidence de cadeau pour une vieille dame de lui offrir une des illustrations de Kassilya-Art. Ainsi aujourd\u2019hui cette chouette veille sur elle de son regard de rapace nocturne. Peut-\u00eatre la guide-t-elle parmi les fragments de ses souvenirs et dans la p\u00e9nombre de son esprit perdu. Je sais Kassilya aussi touch\u00e9e par l\u2019usage de son illustration comme un soup\u00e7on d\u2019art th\u00e9rapie, que l\u2019a \u00e9t\u00e9 cette petite dame seule avec son chien qui lui sert de m\u00e9tronome dans ses journ\u00e9es. C\u2019est la chance que nous avons d\u2019avoir des artistes tel que Kassilya pour interpr\u00e9ter nos sentiments aupr\u00e8s des autres. Profitez-en.\t\t\t\t\t<\/div>\n\t\t\t\t<\/div>\n\t\t\t\t\t<\/div>\n\t\t\t\t\t\t\t\t<\/div>\n\t\t\t\t\t\t\t\t\t\t\t<div class=\"swiper-slide\">\n\t\t\t\t\t\t\t\t\t<div class=\"elementor-testimonial elementor-repeater-item-3d8fa31\">\n\t\t\t\t\t\t\t<div class=\"elementor-testimonial__header\">\n\t\t\t\t\t\t\t\t\t\t<cite class=\"elementor-testimonial__cite\"><span class=\"elementor-testimonial__name\">Pauline<\/span><\/cite>\t\t\t\t\t<div class=\"elementor-testimonial__icon elementor-icon elementor-icon-\"><span class=\"elementor-screen-only\">Lire plus<\/span><\/div>\t\t\t\t<\/div>\n\t\t\t\t\t\t\t\t\t\t<div class=\"elementor-testimonial__content\">\n\t\t\t\t\t<div class=\"elementor-testimonial__text\">\n\t\t\t\t\t\t\u201cJe suis tomb\u00e9e sous le charme de l'une de ses cr\u00e9ations et j'ai bien fait de l'acheter. D\u00e8s la r\u00e9ception du dessin j'ai \u00e9t\u00e9 (et je le suis encore) \u00e9blouie par la qualit\u00e9 de son trait de crayon, des couleurs et la finesse des d\u00e9tails. Dans mes mains, ce dessin est encore plus intense et resplendissant que sa reproduction photographique. En plus, l'emballage est tr\u00e8s soign\u00e9 et attentionn\u00e9. Bref, je suis encore plus impressionn\u00e9e par son travail. Merci C\u00e9cile.\u201d \n\n\t\t\t\t\t<\/div>\n\t\t\t\t<\/div>\n\t\t\t\t\t<\/div>\n\t\t\t\t\t\t\t\t<\/div>\n\t\t\t\t\t\t\t\t\t\t\t<div class=\"swiper-slide\">\n\t\t\t\t\t\t\t\t\t<div class=\"elementor-testimonial elementor-repeater-item-08d5e6e\">\n\t\t\t\t\t\t\t<div class=\"elementor-testimonial__header\">\n\t\t\t\t\t\t\t\t\t\t<cite class=\"elementor-testimonial__cite\"><span class=\"elementor-testimonial__name\">J\u00e9r\u00f4me<\/span><\/cite>\t\t\t\t\t<div class=\"elementor-testimonial__icon elementor-icon elementor-icon-\"><span class=\"elementor-screen-only\">Lire plus<\/span><\/div>\t\t\t\t<\/div>\n\t\t\t\t\t\t\t\t\t\t<div class=\"elementor-testimonial__content\">\n\t\t\t\t\t<div class=\"elementor-testimonial__text\">\n\t\t\t\t\t\t\u201cKassilya fait un travail formidable, elle a permis de faire une heureuse en ayant r\u00e9ussi une commande en un temps record et en ayant du retour sur le travail accompli au fur et \u00e0 mesure. Bref je recommande ++++\u201d \t\t\t\t\t<\/div>\n\t\t\t\t<\/div>\n\t\t\t\t\t<\/div>\n\t\t\t\t\t\t\t\t<\/div>\n\t\t\t\t\t\t\t\t\t\t\t<div class=\"swiper-slide\">\n\t\t\t\t\t\t\t\t\t<div class=\"elementor-testimonial elementor-repeater-item-f9ec38f\">\n\t\t\t\t\t\t\t<div class=\"elementor-testimonial__header\">\n\t\t\t\t\t\t\t\t\t\t<cite class=\"elementor-testimonial__cite\"><span class=\"elementor-testimonial__name\">Jonathan<\/span><\/cite>\t\t\t\t\t<div class=\"elementor-testimonial__icon elementor-icon elementor-icon-\"><span class=\"elementor-screen-only\">Lire plus<\/span><\/div>\t\t\t\t<\/div>\n\t\t\t\t\t\t\t\t\t\t<div class=\"elementor-testimonial__content\">\n\t\t\t\t\t<div class=\"elementor-testimonial__text\">\n\t\t\t\t\t\t\u201cIllustratrice talentueuse et passionn\u00e9e. \n\nUn grand bravo pour tes magnifiques r\u00e9alisations.\u201d \n\t\t\t\t\t<\/div>\n\t\t\t\t<\/div>\n\t\t\t\t\t<\/div>\n\t\t\t\t\t\t\t\t<\/div>\n\t\t\t\t\t\t\t\t\t\t\t<div class=\"swiper-slide\">\n\t\t\t\t\t\t\t\t\t<div class=\"elementor-testimonial elementor-repeater-item-2a9ef82\">\n\t\t\t\t\t\t\t<div class=\"elementor-testimonial__header\">\n\t\t\t\t\t\t\t\t\t\t<cite class=\"elementor-testimonial__cite\"><span class=\"elementor-testimonial__name\">Val\u00e9rie<\/span><\/cite>\t\t\t\t\t<div class=\"elementor-testimonial__icon elementor-icon elementor-icon-\"><span class=\"elementor-screen-only\">Lire plus<\/span><\/div>\t\t\t\t<\/div>\n\t\t\t\t\t\t\t\t\t\t<div class=\"elementor-testimonial__content\">\n\t\t\t\t\t<div class=\"elementor-testimonial__text\">\n\t\t\t\t\t\tLe portrait de Perle r\u00e9alis\u00e9 par C\u00e9cile est magnifique ! Elle a su parfaitement saisir ce m\u00e9lange de douceur,  de force et de sagesse chez notre Staffie .\nNous sommes ravis!\nC\u00e9cile est une personne merveilleuse,  un \u00eatre rare et pr\u00e9cieux dot\u00e9 d une si belle sensibilit\u00e9. \nA recommander \u2606\u2606\u2606\u2606\u2606\t\t\t\t\t<\/div>\n\t\t\t\t<\/div>\n\t\t\t\t\t<\/div>\n\t\t\t\t\t\t\t\t<\/div>\n\t\t\t\t\t\t\t\t\t\t\t<div class=\"swiper-slide\">\n\t\t\t\t\t\t\t\t\t<div class=\"elementor-testimonial elementor-repeater-item-4dd1811\">\n\t\t\t\t\t\t\t<div class=\"elementor-testimonial__header\">\n\t\t\t\t\t\t\t\t\t\t<cite class=\"elementor-testimonial__cite\"><span class=\"elementor-testimonial__name\">Oc\u00e9ane<\/span><\/cite>\t\t\t\t\t<div class=\"elementor-testimonial__icon elementor-icon elementor-icon-\"><span class=\"elementor-screen-only\">Lire plus<\/span><\/div>\t\t\t\t<\/div>\n\t\t\t\t\t\t\t\t\t\t<div class=\"elementor-testimonial__content\">\n\t\t\t\t\t<div class=\"elementor-testimonial__text\">\n\t\t\t\t\t\t\u201cPour No\u00ebl, je cherchais un cadeau original pour mon copain et je suis tomb\u00e9e sur les portraits animaliers de C\u00e9cile ! Elle a r\u00e9alis\u00e9 le portrait d'un de nos chats, le prot\u00e9g\u00e9 de mon copain et il est plus que content de l'avoir en portrait. C\u00e9cile a su capter et retransmettre l'intensit\u00e9 du regard de notre chat sur papier, ainsi que tous les petits d\u00e9tails qui font que le portrait est plus que fid\u00e8le au mod\u00e8le. De plus, C\u00e9cile est une belle \u00e2me qui prendra le temps de venir converser avec vous pour en apprendre un peu plus sur votre animal afin que ce portrait ne soit pas qu'un simple portrait d'animal !  \n\nSi vous cherchez un cadeau original \u00e0 offrir ou m\u00eame un cadeau pour vous, un beau portrait de vos compagnons, je vous recommande \u00e0 100000% les portraits et illustrations de C\u00e9cile\u201d \n\n \t\t\t\t\t<\/div>\n\t\t\t\t<\/div>\n\t\t\t\t\t<\/div>\n\t\t\t\t\t\t\t\t<\/div>\n\t\t\t\t\t\t\t\t\t\t\t<div class=\"swiper-slide\">\n\t\t\t\t\t\t\t\t\t<div class=\"elementor-testimonial elementor-repeater-item-153e9f3\">\n\t\t\t\t\t\t\t<div class=\"elementor-testimonial__header\">\n\t\t\t\t\t\t\t\t\t\t<cite class=\"elementor-testimonial__cite\"><span class=\"elementor-testimonial__name\">Ga\u00eblle<\/span><\/cite>\t\t\t\t\t<div class=\"elementor-testimonial__icon elementor-icon elementor-icon-\"><span class=\"elementor-screen-only\">Lire plus<\/span><\/div>\t\t\t\t<\/div>\n\t\t\t\t\t\t\t\t\t\t<div class=\"elementor-testimonial__content\">\n\t\t\t\t\t<div class=\"elementor-testimonial__text\">\n\t\t\t\t\t\tN'h\u00e9sitez pas \u00e0 confier votre projet \u00e0 Kassi. \nElle est tr\u00e8s \u00e0 l'\u00e9coute et a de l'or dans les mains.\nElle soigne ses envois. On ressent tout son amour pour son travail.\nElle a le c\u0153ur sur la main, elle est s\u00e9rieuse, foncez !\t\t\t\t\t<\/div>\n\t\t\t\t<\/div>\n\t\t\t\t\t<\/div>\n\t\t\t\t\t\t\t\t<\/div>\n\t\t\t\t\t\t\t\t\t\t\t<div class=\"swiper-slide\">\n\t\t\t\t\t\t\t\t\t<div class=\"elementor-testimonial elementor-repeater-item-6b7100a\">\n\t\t\t\t\t\t\t<div class=\"elementor-testimonial__header\">\n\t\t\t\t\t\t\t\t\t\t<cite class=\"elementor-testimonial__cite\"><span class=\"elementor-testimonial__name\">Elodie<\/span><\/cite>\t\t\t\t\t<div class=\"elementor-testimonial__icon elementor-icon elementor-icon-\"><span class=\"elementor-screen-only\">Lire plus<\/span><\/div>\t\t\t\t<\/div>\n\t\t\t\t\t\t\t\t\t\t<div class=\"elementor-testimonial__content\">\n\t\t\t\t\t<div class=\"elementor-testimonial__text\">\n\t\t\t\t\t\tAu top ! Quoique vous demandiez, C\u00e9cile saura mettre en valeur votre illustration ! Milles mercis pour ce fantastique cadeau, qu'il me tarde d'offrir ! \ud83e\udd70\ud83d\udc4c\ud83e\udd8c\t\t\t\t\t<\/div>\n\t\t\t\t<\/div>\n\t\t\t\t\t<\/div>\n\t\t\t\t\t\t\t\t<\/div>\n\t\t\t\t\t\t\t\t\t<\/div>\n\t\t\t\t\t\t\t\t\t\t\t\t\t\t\t<div class=\"swiper-pagination\"><\/div>\n\t\t\t\t\t\t\t\t\t\t\t\t\t\t\t\t<div class=\"elementor-swiper-button elementor-swiper-button-prev\" role=\"button\" tabindex=\"0\">\n\t\t\t\t\t\t\t<i aria-hidden=\"true\" class=\"eicon-chevron-left\"><\/i>\t\t\t\t\t\t\t<span class=\"elementor-screen-only\">Pr\u00e9c\u00e9dent<\/span>\n\t\t\t\t\t\t<\/div>\n\t\t\t\t\t\t<div class=\"elementor-swiper-button elementor-swiper-button-next\" role=\"button\" tabindex=\"0\">\n\t\t\t\t\t\t\t<i aria-hidden=\"true\" class=\"eicon-chevron-right\"><\/i>\t\t\t\t\t\t\t<span class=\"elementor-screen-only\">Suivant<\/span>\n\t\t\t\t\t\t<\/div>\n\t\t\t\t\t\t\t\t\t\t\t\t<\/div>\n\t\t<\/div>\n\t\t\t\t<\/div>\n\t\t\t\t<\/div>\n\t\t\t\t\t<\/div>\n\t\t<\/div>\n\t\t\t\t\t\t\t<\/div>\n\t\t<\/section>\n\t\t\t\t\t\t\t<\/div>\n\t\t","protected":false},"excerpt":{"rendered":"<p>DEROULEMENT COMMANDE Lorsque vous passez une commande, nous discutons ensemble du projet afin de d\u00e9terminer au mieux son d\u00e9roulement. Si il s&rsquo;agit d&rsquo;un portrait animalier par exemple, vous pouvez m&rsquo;envoyer une ou plusieurs photos afin que je puisse capter au mieux le caract\u00e8re et les petites sp\u00e9cificit\u00e9s de l&rsquo;animal en question. Vous pouvez \u00e9galement me [&hellip;]<\/p>\n","protected":false},"author":1,"featured_media":0,"parent":0,"menu_order":0,"comment_status":"closed","ping_status":"closed","template":"","meta":{"footnotes":""},"categories":[],"class_list":["post-8986","page","type-page","status-publish","hentry"],"_links":{"self":[{"href":"https:\/\/kassilya-art.com\/index.php\/wp-json\/wp\/v2\/pages\/8986","targetHints":{"allow":["GET"]}}],"collection":[{"href":"https:\/\/kassilya-art.com\/index.php\/wp-json\/wp\/v2\/pages"}],"about":[{"href":"https:\/\/kassilya-art.com\/index.php\/wp-json\/wp\/v2\/types\/page"}],"author":[{"embeddable":true,"href":"https:\/\/kassilya-art.com\/index.php\/wp-json\/wp\/v2\/users\/1"}],"replies":[{"embeddable":true,"href":"https:\/\/kassilya-art.com\/index.php\/wp-json\/wp\/v2\/comments?post=8986"}],"version-history":[{"count":47,"href":"https:\/\/kassilya-art.com\/index.php\/wp-json\/wp\/v2\/pages\/8986\/revisions"}],"predecessor-version":[{"id":9184,"href":"https:\/\/kassilya-art.com\/index.php\/wp-json\/wp\/v2\/pages\/8986\/revisions\/9184"}],"wp:attachment":[{"href":"https:\/\/kassilya-art.com\/index.php\/wp-json\/wp\/v2\/media?parent=8986"}],"wp:term":[{"taxonomy":"category","embeddable":true,"href":"https:\/\/kassilya-art.com\/index.php\/wp-json\/wp\/v2\/categories?post=8986"}],"curies":[{"name":"wp","href":"https:\/\/api.w.org\/{rel}","templated":true}]}}